{"id":3202,"date":"0113-06-19T15:22:20","date_gmt":"0113-06-19T15:22:20","guid":{"rendered":"https:\/\/uykudunyasi.com.tr\/en\/?post_type=product&#038;p=3202"},"modified":"2025-06-19T18:40:27","modified_gmt":"2025-06-19T18:40:27","slug":"silva-set","status":"publish","type":"product","link":"https:\/\/uykudunyasi.com.tr\/en\/?product=silva-set","title":{"rendered":"Silva Set"},"content":{"rendered":"<p>Do\u011fal renkleri ve yal\u0131n g\u00f6rselli\u011fi \u00f6ne \u00e7\u0131karan tasar\u0131m\u0131 ile ya\u015fam alan\u0131n\u0131za \u00f6zg\u00fcnl\u00fck katan Silva Yatak Seti huzurlu bir atmosfer olu\u015fturuyor. D\u00fc\u011fme detayl\u0131 ba\u015fl\u0131k tasar\u0131m\u0131 ile koleksiyona \u00f6zg\u00fcn bir estetik kazand\u0131r\u0131yor. Kolay a\u00e7\u0131labilir mekanizmas\u0131yla geni\u015f depolama alan\u0131 sunan Silva set, konfor ve i\u015flevselli\u011fi ya\u015fam\u0131n merkezine ta\u015f\u0131r. Silva Yatak Seti ile r\u00fcya gibi bir uyku deneyimi ya\u015fay\u0131n ve her g\u00fcn\u00fc tazelikle kar\u015f\u0131lay\u0131n.<\/p>\n","protected":false},"excerpt":{"rendered":"<article class=\"text-token-text-primary w-full\" dir=\"auto\" data-testid=\"conversation-turn-144\" data-scroll-anchor=\"true\">\n<div class=\"text-base my-auto mx-auto py-5 [--thread-content-margin:--spacing(4)] @[37rem]:[--thread-content-margin:--spacing(6)] @[72rem]:[--thread-content-margin:--spacing(16)] px-(--thread-content-margin)\">\n<div class=\"[--thread-content-max-width:32rem] @[34rem]:[--thread-content-max-width:40rem] @[64rem]:[--thread-content-max-width:48rem] mx-auto flex max-w-(--thread-content-max-width) flex-1 text-base gap-4 md:gap-5 lg:gap-6 group\/turn-messages focus-visible:outline-hidden\" tabindex=\"-1\">\n<div class=\"group\/conversation-turn relative flex w-full min-w-0 flex-col agent-turn\">\n<div class=\"relative flex-col gap-1 md:gap-3\">\n<div class=\"flex max-w-full flex-col grow\">\n<div class=\"min-h-8 text-message relative flex w-full flex-col items-end gap-2 text-start break-words whitespace-normal [.text-message+&amp;]:mt-5\" dir=\"auto\" data-message-author-role=\"assistant\" data-message-id=\"0031921f-e28c-4d2a-9ae2-3f2a4c668c92\" data-message-model-slug=\"gpt-4-1-mini\">\n<div class=\"flex w-full flex-col gap-1 empty:hidden first:pt-[3px]\">\n<div class=\"markdown prose dark:prose-invert w-full break-words dark\">\n<p data-start=\"0\" data-end=\"467\" data-is-last-node=\"\" data-is-only-node=\"\">With its design that highlights natural colors and simple visuals, the Silva Bedding Set adds uniqueness to your living space and creates a peaceful atmosphere. The button-detailed headboard design gives the collection a distinctive aesthetic. Featuring an easy-to-open mechanism and spacious storage area, the Silva Set brings comfort and functionality to the heart of your life. Experience a dream-like sleep with the Silva Bedding Set and greet each day refreshed.<\/p>\n<\/div>\n<\/div>\n<\/div>\n<\/div>\n<\/div>\n<\/div>\n<\/div>\n<\/div>\n<\/article>\n","protected":false},"featured_media":3396,"comment_status":"open","ping_status":"closed","template":"","meta":{"om_disable_all_campaigns":false,"_joinchat":[]},"product_brand":[],"product_cat":[22],"product_tag":[],"class_list":{"0":"post-3202","1":"product","2":"type-product","3":"status-publish","4":"has-post-thumbnail","6":"product_cat-yatak-setleri","8":"first","9":"instock","10":"shipping-taxable","11":"product-type-simple"},"aioseo_notices":[],"_links":{"self":[{"href":"https:\/\/uykudunyasi.com.tr\/en\/index.php?rest_route=\/wp\/v2\/product\/3202","targetHints":{"allow":["GET"]}}],"collection":[{"href":"https:\/\/uykudunyasi.com.tr\/en\/index.php?rest_route=\/wp\/v2\/product"}],"about":[{"href":"https:\/\/uykudunyasi.com.tr\/en\/index.php?rest_route=\/wp\/v2\/types\/product"}],"replies":[{"embeddable":true,"href":"https:\/\/uykudunyasi.com.tr\/en\/index.php?rest_route=%2Fwp%2Fv2%2Fcomments&post=3202"}],"version-history":[{"count":2,"href":"https:\/\/uykudunyasi.com.tr\/en\/index.php?rest_route=\/wp\/v2\/product\/3202\/revisions"}],"predecessor-version":[{"id":3800,"href":"https:\/\/uykudunyasi.com.tr\/en\/index.php?rest_route=\/wp\/v2\/product\/3202\/revisions\/3800"}],"wp:featuredmedia":[{"embeddable":true,"href":"https:\/\/uykudunyasi.com.tr\/en\/index.php?rest_route=\/wp\/v2\/media\/3396"}],"wp:attachment":[{"href":"https:\/\/uykudunyasi.com.tr\/en\/index.php?rest_route=%2Fwp%2Fv2%2Fmedia&parent=3202"}],"wp:term":[{"taxonomy":"product_brand","embeddable":true,"href":"https:\/\/uykudunyasi.com.tr\/en\/index.php?rest_route=%2Fwp%2Fv2%2Fproduct_brand&post=3202"},{"taxonomy":"product_cat","embeddable":true,"href":"https:\/\/uykudunyasi.com.tr\/en\/index.php?rest_route=%2Fwp%2Fv2%2Fproduct_cat&post=3202"},{"taxonomy":"product_tag","embeddable":true,"href":"https:\/\/uykudunyasi.com.tr\/en\/index.php?rest_route=%2Fwp%2Fv2%2Fproduct_tag&post=3202"}],"curies":[{"name":"wp","href":"https:\/\/api.w.org\/{rel}","templated":true}]}}